{"id":15,"date":"2008-09-16T11:23:45","date_gmt":"2008-09-16T09:23:45","guid":{"rendered":"http:\/\/localhost\/wordpress\/?page_id=15"},"modified":"2024-10-25T19:02:13","modified_gmt":"2024-10-25T18:02:13","slug":"disclaimer","status":"publish","type":"page","link":"http:\/\/www.silberblick-dreieich.de\/?page_id=15","title":{"rendered":"Impressum \/ Datenschutz"},"content":{"rendered":"<p align=\"center\">&nbsp;<\/p>\n<p align=\"center\"><span style=\"font-size: 1.4em;\"><strong><span style=\"color: #666666;\">SILBERBLICK<\/span><\/strong><\/span><\/p>\n<p align=\"center\"><span style=\"font-size: 1.2em;\"><strong><span style=\"color: #666666;\">Brillen &amp; Kontaktlinsen<\/span><\/strong><\/span><\/p>\n<p align=\"center\"><span style=\"font-size: 1.0em;\"><strong><span style=\"color: #666666;\">Inh. Carsten Friedrichs<\/span><\/strong><\/span><\/p>\n<p align=\"center\"><span style=\"font-size: 0.9em;\"><span style=\"color: #666666;\">Frankfurter Stra\u00dfe 45<\/span><\/span><\/p>\n<p align=\"center\"><span style=\"font-size: 0.9em;\"><span style=\"color: #666666;\">63303 Dreieich<\/span><\/span><\/p>\n<p align=\"center\"><span style=\"font-size: 0.9em;\"><span style=\"color: #0033cc;\">Telefon: 06103 &#8211; 371877<\/span><\/span><\/p>\n<p align=\"center\"><span style=\"font-size: 0.9em;\"><span style=\"color: #0033cc;\">Telefax: 06103 &#8211; 371878<\/span><\/span><\/p>\n<p align=\"center\">&nbsp;<\/p>\n<p align=\"center\"><span style=\"font-size: 0.9em;\"><span style=\"color: #0033cc;\"><b>\u00d6ffnungszeiten:<\/b><\/span><\/span><\/p>\n<p align=\"center\"><span style=\"font-size: 0.9em;\"><span style=\"color: #0033cc;\">Mo. &#8211; Fr.: von 09:00 bis 13:30 Uhr und 14:30 bis 19:00 Uhr<\/span><\/span><\/p>\n<p align=\"center\"><span style=\"font-size: 0.9em;\"><span style=\"color: #0033cc;\">Sa.: von 09:00 bis 14:00 Uhr<\/span><\/span><\/p>\n<p><!--\n\n\n<p align=\"center\"><span style=\"font-size: 0.9em;\"><span style=\"color: #ff0000;\">15.07.2024&nbsp; bis&nbsp; 23.08.2024 ( Sommerferien ) Mittwochnachmittags geschlossen.<\/span><\/span><\/p>\n\n\n\n\n<p align=\"center\"><span style=\"font-size: 0.9em;\"><span style=\"color: #ff0000;\">Samstag&nbsp; 13.07.2024&nbsp; geschlossen.<\/span><\/span><\/p>\n\n\n\n\n<p align=\"center\">&nbsp;<\/p>\n\n\n\n--><\/p>\n<p>&nbsp;<\/p>\n<p align=\"center\"><span style=\"font-size: 1.0em;\"><span style=\"color: #666666;\">www.silberblick-dreieich.de<\/span><\/span><\/p>\n<p align=\"center\"><span style=\"font-size: 0.9em;\"><span style=\"color: #666666;\"><a href=\"mailto:friedrichs.dreieich@freenet.de\">E-Mail<\/a><\/span><\/span><\/p>\n<p align=\"center\"><span style=\"font-size: 0.9em;\"><span style=\"color: #666666;\">Steuer- Ident. Nr.: DE 812485150<\/span><\/span><\/p>\n<p align=\"center\">&nbsp;<\/p>\n<p style=\"text-align: center;\">&#8212;&#8212;&#8212;&#8212;&#8212;&#8212;&#8212;&#8212;&#8212;&#8212;&#8212;&#8212;&#8212;&#8212;&#8212;&#8212;&#8212;&#8212;&#8212;&#8212;&#8212;&#8212;&#8212;&#8212;&#8212;&#8212;&#8211;<\/p>\n<p align=\"center\">&nbsp;<\/p>\n<p align=\"center\"><span style=\"font-size: 1.2em;\"><strong><span style=\"color: #666666;\">Haftungsausschluss &amp; Datenschutz<\/span><\/strong><\/span><\/p>\n<p align=\"center\"><span style=\"font-size: 0.8em;\"><span style=\"color: #666666;\"> Gem\u00e4\u00df \u00a7 28 BDSG wird jeder kommerziellen Verwendung und Weitergabe der genannten Daten widersprochen.<\/span><\/span><\/p>\n<p align=\"center\">&nbsp;<\/p>\n<p align=\"center\"><span style=\"font-size: 0.8em;\"><strong><span style=\"color: #666666;\"> Auf dieser bzw. \u00fcber diese Webseite, werden weder personenbezogene Daten gesammelt noch gespeichert.<\/span><\/strong><\/span><\/p>\n<p align=\"center\">&nbsp;<\/p>\n<p align=\"center\"><span style=\"font-size: 0.8em;\"><span style=\"color: #666666;\"> Die Inhalte dieser Webseite wurden sorgf\u00e4ltig gepr\u00fcft und nach bestem Wissen erstellt. F\u00fcr die hier dargebotenen Informationen wird aber kein Anspruch auf Vollst\u00e4ndigkeit, Aktualit\u00e4t, Qualit\u00e4t und Richtigkeit erhoben. Es kann keine Verantwortung f\u00fcr Sch\u00e4den \u00fcbernommen werden, die durch das Vertrauen auf die Inhalte dieser Website oder deren Gebrauch entstehen.<\/span><\/span><\/p>\n<p align=\"center\">&nbsp;<\/p>\n<p align=\"center\"><span style=\"font-size: 0.8em;\"><span style=\"color: #666666;\"> Haftungshinweis: Diese Webseite ist Teil des WWW und dementsprechend mit fremden, sich jederzeit wandeln k\u00f6nnenden Webseiten verkn\u00fcpft. Trotz sorgf\u00e4ltiger inhaltlicher Kontrolle \u00fcbernehmen wir keine Haftung f\u00fcr die Inhalte externer Links. <strong>F\u00fcr den Inhalt der verlinkten Seiten sind ausschlie\u00dflich deren Betreiber verantwortlich.<\/strong><\/span><\/span><\/p>\n<p align=\"center\">&nbsp;<\/p>\n<p align=\"center\"><span style=\"font-size: 0.8em;\"><span style=\"color: #666666;\"> Verwendete Begriffe k\u00f6nnen eingetragene Markenzeichen des jeweiligen Herstellers sein. Es wird auf eine st\u00e4ndige Kennzeichnung auf den Seiten verzichtet. Die Begriffe werden nur zur Information des Benutzers verwendet.<\/span><\/span><\/p>\n<p align=\"center\">&nbsp;<\/p>\n<p align=\"center\"><span style=\"font-size: 0.8em;\"><span style=\"color: #666666;\"> Falls Sie vermuten, dass von dieser Website aus eines Ihrer Schutzrechte verletzt wird, teilen Sie das bitte umgehend per elektronischer Post mit, damit z\u00fcgig Abhilfe geschafft werden kann.<\/span><\/span><\/p>\n<p align=\"center\">&nbsp;<\/p>\n<p align=\"center\">&nbsp;<\/p>\n<p>&#8211;&gt;<\/p>\n","protected":false},"excerpt":{"rendered":"<p>&nbsp; SILBERBLICK Brillen &amp; Kontaktlinsen Inh. Carsten Friedrichs Frankfurter Stra\u00dfe 45 63303 Dreieich Telefon: 06103 &#8211; 371877 Telefax: 06103 &#8211; 371878 &nbsp; \u00d6ffnungszeiten: Mo. &#8211; Fr.: von 09:00 bis 13:30 Uhr und 14:30 bis 19:00 Uhr Sa.: von 09:00 bis 14:00 Uhr &nbsp; www.silberblick-dreieich.de E-Mail Steuer- Ident. Nr.: DE 812485150 &nbsp; &#8212;&#8212;&#8212;&#8212;&#8212;&#8212;&#8212;&#8212;&#8212;&#8212;&#8212;&#8212;&#8212;&#8212;&#8212;&#8212;&#8212;&#8212;&#8212;&#8212;&#8212;&#8212;&#8212;&#8212;&#8212;&#8212;&#8211; &nbsp; Haftungsausschluss &amp; [&hellip;]<\/p>\n","protected":false},"author":1,"featured_media":0,"parent":0,"menu_order":7,"comment_status":"closed","ping_status":"closed","template":"","meta":{"footnotes":""},"class_list":["post-15","page","type-page","status-publish","hentry"],"_links":{"self":[{"href":"http:\/\/www.silberblick-dreieich.de\/index.php?rest_route=\/wp\/v2\/pages\/15","targetHints":{"allow":["GET"]}}],"collection":[{"href":"http:\/\/www.silberblick-dreieich.de\/index.php?rest_route=\/wp\/v2\/pages"}],"about":[{"href":"http:\/\/www.silberblick-dreieich.de\/index.php?rest_route=\/wp\/v2\/types\/page"}],"author":[{"embeddable":true,"href":"http:\/\/www.silberblick-dreieich.de\/index.php?rest_route=\/wp\/v2\/users\/1"}],"replies":[{"embeddable":true,"href":"http:\/\/www.silberblick-dreieich.de\/index.php?rest_route=%2Fwp%2Fv2%2Fcomments&post=15"}],"version-history":[{"count":73,"href":"http:\/\/www.silberblick-dreieich.de\/index.php?rest_route=\/wp\/v2\/pages\/15\/revisions"}],"predecessor-version":[{"id":1440,"href":"http:\/\/www.silberblick-dreieich.de\/index.php?rest_route=\/wp\/v2\/pages\/15\/revisions\/1440"}],"wp:attachment":[{"href":"http:\/\/www.silberblick-dreieich.de\/index.php?rest_route=%2Fwp%2Fv2%2Fmedia&parent=15"}],"curies":[{"name":"wp","href":"https:\/\/api.w.org\/{rel}","templated":true}]}}