{"id":305,"date":"2008-11-25T08:29:29","date_gmt":"2008-11-25T06:29:29","guid":{"rendered":"http:\/\/localhost\/wordpress\/?page_id=305"},"modified":"2009-02-12T20:27:31","modified_gmt":"2009-02-12T19:27:31","slug":"nur-nacht-linsen","status":"publish","type":"page","link":"http:\/\/www.silberblick-dreieich.de\/?page_id=305","title":{"rendered":"\u201enur Nacht&#8220; Linsen"},"content":{"rendered":"<p align=\"center\">&nbsp;<\/p>\n<p class=\"MsoNormal\" style=\"text-align: center; line-height: 150%;\" align=\"center\"><strong><span style=\"font-family: &quot;Verdana&quot;,&quot;sans-serif&quot;;\">Freies Sehen \u00fcber den ganzen Tag<\/span><\/strong><\/p>\n<p class=\"MsoNormal\" style=\"text-align: center; line-height: 150%;\" align=\"center\"><strong><span style=\"font-family: &quot;Verdana&quot;,&quot;sans-serif&quot;;\">ohne Brille und ohne Kontaktlinsen?!<\/span><\/strong><\/p>\n<p class=\"MsoNormal\" style=\"text-align: center; line-height: 150%;\" align=\"center\"><strong><span style=\"font-family: &quot;Verdana&quot;,&quot;sans-serif&quot;;\">Bereits seit 2005 bei Silberblick erfolgreich im Einsatz!<\/span><\/strong><\/p>\n<p align=\"center\">&nbsp;<\/p>\n<p class=\"MsoNormal\" style=\"margin-left: 35.45pt; line-height: 150%;\"><span style=\"font-family: &quot;Verdana&quot;,&quot;sans-serif&quot;;\">Diese neue Freiheit ist m\u00f6glich durch die revolutioni\u00e4re \u201enur Nacht-\u201cKontaktlinse.<\/span><\/p>\n<p class=\"MsoNormal\" style=\"margin-left: 35.45pt; line-height: 150%;\"><span style=\"font-family: &quot;Verdana&quot;,&quot;sans-serif&quot;;\">Ihre Werte werden im Schlaf sanft modeliert, so dass sie den ganzen Tag auf Ihre Brille oder Ihre Linsen verzichten k\u00f6nnen. Ideal f\u00fcr Ihren Sport (Schwimmen, Radfahren, Joggen, Reiten etc.), staubige Umgebung, klimatisierte R\u00e4ume, bei Computerarbeit, bei Allergie u.v.m. Oder um sich einfach wieder frei bewegen zu k\u00f6nnen.<\/span><\/p>\n<p class=\"MsoNormal\" style=\"margin-left: 35.45pt; line-height: 150%;\"><span style=\"font-family: &quot;Verdana&quot;,&quot;sans-serif&quot;;\">Das ganze ohne chirurgischen Eingriff und Gewebeverlust! Nachtr\u00e4gliche \u00c4nderungen sind jederzeit m\u00f6glich und das Ergebnis kann auf Wunsch auch r\u00fcckg\u00e4ngig gemacht werden.<\/span><\/p>\n<p class=\"MsoNormal\" style=\"margin-left: 35.45pt; line-height: 150%;\"><span style=\"font-family: &quot;Verdana&quot;,&quot;sans-serif&quot;;\">Die Risiken beschr\u00e4nken sich auf die Gleichen, wie sie beim normalen Linsentragen auftreten k\u00f6nnen.<\/span><\/p>\n<p align=\"center\">&nbsp;<\/p>\n<p class=\"MsoNormal\" style=\"margin-left: 35.45pt; line-height: 150%;\"><span style=\"font-family: &quot;Verdana&quot;,&quot;sans-serif&quot;;\"> <\/span><\/p>\n<p class=\"MsoNormal\" style=\"margin-left: 35.45pt; text-align: justify; line-height: 150%;\"><strong><span style=\"font-family: &quot;Verdana&quot;,&quot;sans-serif&quot;;\">F\u00fcr wen ist sie geeignet?<\/span><\/strong><\/pr>\n<p class=\"MsoNormal\" style=\"margin-left: 35.45pt; text-align: justify; line-height: 150%;\"><span style=\"font-family: &quot;Verdana&quot;,&quot;sans-serif&quot;;\">Kurzsichtige &#8211; auch mit Hornhautverkr\u00fcmmung bis -6,0 Dipotrien.<\/span><\/p>\n<p align=\"center\">&nbsp;<\/p>\n<p class=\"MsoNormal\" style=\"margin-left: 35.45pt; text-align: justify; line-height: 150%;\"><span style=\"font-family: &quot;Verdana&quot;,&quot;sans-serif&quot;;\"> <\/span><\/p>\n<p class=\"MsoNormal\" style=\"margin-left: 35.45pt; text-align: justify; line-height: 150%;\"><span style=\"font-family: &quot;Verdana&quot;,&quot;sans-serif&quot;;\">Kommen Sie vorbei und verbessern Sie Ihre Lebens- und Sehqualit\u00e4t einfach im Schlaf.<\/span><\/p>\n<p class=\"MsoNormal\" style=\"margin-left: 35.45pt; text-align: justify; line-height: 150%;\"><span style=\"font-family: &quot;Verdana&quot;,&quot;sans-serif&quot;;\">Wir beraten Sie gerne!<br style=\"page-break-before: always;\" \/> <\/span><\/p>\n","protected":false},"excerpt":{"rendered":"<p>&nbsp; Freies Sehen \u00fcber den ganzen Tag ohne Brille und ohne Kontaktlinsen?! Bereits seit 2005 bei Silberblick erfolgreich im Einsatz! &nbsp; Diese neue Freiheit ist m\u00f6glich durch die revolutioni\u00e4re \u201enur Nacht-\u201cKontaktlinse. Ihre Werte werden im Schlaf sanft modeliert, so dass sie den ganzen Tag auf Ihre Brille oder Ihre Linsen verzichten k\u00f6nnen. Ideal f\u00fcr Ihren [&hellip;]<\/p>\n","protected":false},"author":1,"featured_media":0,"parent":4,"menu_order":5,"comment_status":"closed","ping_status":"closed","template":"","meta":{"footnotes":""},"class_list":["post-305","page","type-page","status-publish","hentry"],"_links":{"self":[{"href":"http:\/\/www.silberblick-dreieich.de\/index.php?rest_route=\/wp\/v2\/pages\/305","targetHints":{"allow":["GET"]}}],"collection":[{"href":"http:\/\/www.silberblick-dreieich.de\/index.php?rest_route=\/wp\/v2\/pages"}],"about":[{"href":"http:\/\/www.silberblick-dreieich.de\/index.php?rest_route=\/wp\/v2\/types\/page"}],"author":[{"embeddable":true,"href":"http:\/\/www.silberblick-dreieich.de\/index.php?rest_route=\/wp\/v2\/users\/1"}],"replies":[{"embeddable":true,"href":"http:\/\/www.silberblick-dreieich.de\/index.php?rest_route=%2Fwp%2Fv2%2Fcomments&post=305"}],"version-history":[{"count":9,"href":"http:\/\/www.silberblick-dreieich.de\/index.php?rest_route=\/wp\/v2\/pages\/305\/revisions"}],"predecessor-version":[{"id":335,"href":"http:\/\/www.silberblick-dreieich.de\/index.php?rest_route=\/wp\/v2\/pages\/305\/revisions\/335"}],"up":[{"embeddable":true,"href":"http:\/\/www.silberblick-dreieich.de\/index.php?rest_route=\/wp\/v2\/pages\/4"}],"wp:attachment":[{"href":"http:\/\/www.silberblick-dreieich.de\/index.php?rest_route=%2Fwp%2Fv2%2Fmedia&parent=305"}],"curies":[{"name":"wp","href":"https:\/\/api.w.org\/{rel}","templated":true}]}}