{"id":4,"date":"2008-09-16T11:21:32","date_gmt":"2008-09-16T09:21:32","guid":{"rendered":"http:\/\/localhost\/wordpress\/?page_id=4"},"modified":"2014-04-11T16:02:57","modified_gmt":"2014-04-11T15:02:57","slug":"portfolio","status":"publish","type":"page","link":"http:\/\/www.silberblick-dreieich.de\/?page_id=4","title":{"rendered":"unsere Leistungen"},"content":{"rendered":"<p align=\"center\">&nbsp;<\/p>\n<p class=\"MsoNormal\"><span style=\"font-size: small;\"><strong><span style=\"font-family: 'Verdana','sans-serif';\">Unsere Leistungen<\/span><\/strong><\/span><\/p>\n<ul style=\"margin-top: 0cm;\" type=\"disc\">\n<li class=\"MsoNormal\"><span style=\"font-size: small;\"><strong><span style=\"font-family: 'Verdana','sans-serif';\">Kostenloser Schnelltest<\/span><\/strong><\/span><\/li>\n<\/ul>\n<ul style=\"margin-top: 0cm;\" type=\"disc\">\n<li class=\"MsoNormal\"><span style=\"font-size: small;\"><strong><span style=\"font-family: 'Verdana','sans-serif';\">Professionelle Beratung rund um das Thema <a href=\"http:\/\/www.silberblick-dreieich.de\/?page_id=28\">Brille<\/a> und <a href=\"http:\/\/www.silberblick-dreieich.de\/?page_id=30\">Kontaktlinse<\/a><\/span><\/strong><\/span><\/li>\n<\/ul>\n<ul style=\"margin-top: 0cm;\" type=\"disc\">\n<li class=\"MsoNormal\"><span style=\"font-size: small;\"><strong><span style=\"font-family: 'Verdana','sans-serif';\">Pr\u00e4zise Vermessung Ihrer Augen nur durch autorisierte Fachkr\u00e4fte<\/span><\/strong><\/span><\/li>\n<\/ul>\n<ul style=\"margin-top: 0cm;\" type=\"disc\">\n<li class=\"MsoNormal\"><span style=\"font-size: small;\"><strong><span style=\"font-family: 'Verdana','sans-serif';\">Amtlich anerkannte F\u00fchrerscheinsehtest- Stelle <\/span><\/strong><\/span><\/li>\n<\/ul>\n<ul style=\"margin-top: 0cm;\" type=\"disc\">\n<li class=\"MsoNormal\"><a href=\"http:\/\/www.silberblick-dreieich.de\/?page_id=300\"><span style=\"font-size: small;\"><strong><span style=\"font-family: 'Verdana','sans-serif';\">Brillen-Club<\/span><\/strong><\/span><\/a><\/li>\n<\/ul>\n<p class=\"MsoNormal\" style=\"margin-left: 35.4pt;\"><span style=\"font-size: small;\"><span style=\"font-family: 'Verdana','sans-serif';\">Keine Angst mehr vor Kratzern und alten Werten!<\/span><\/span><\/p>\n<p class=\"MsoNormal\" style=\"margin-left: 35.4pt;\"><span style=\"font-size: small;\"><span style=\"font-family: 'Verdana','sans-serif';\">Leasen Sie sich Ihre Gl\u00e4ser schon ab 8,50 \u20ac pro Monat inkl. Versicherung<\/span><\/span><\/p>\n<ul style=\"margin-top: 0cm;\" type=\"disc\">\n<li class=\"MsoNormal\"><a href=\"http:\/\/www.silberblick-dreieich.de\/?page_id=302\"><span style=\"font-size: small;\"><strong><span style=\"font-family: 'Verdana','sans-serif';\">Kontaklinsen- Komfort- System<\/span><\/strong><\/span><\/a><\/li>\n<\/ul>\n<p class=\"MsoNormal\" style=\"margin-left: 35.4pt;\"><span style=\"font-size: small;\"><span style=\"font-family: 'Verdana','sans-serif';\">Immer frische Linsen und gen\u00fcgend Pflegemittel schon ab 20.- \u20ac pro Monat inkl. Versicherung<\/span><\/span><\/p>\n<ul style=\"margin-top: 0cm;\" type=\"disc\">\n<li class=\"MsoNormal\"><a href=\"http:\/\/www.silberblick-dreieich.de\/?page_id=305\"><span style=\"font-size: small;\"><strong><span style=\"font-family: 'Verdana','sans-serif';\">\u201enur Nacht\u201c Linsen<\/span><\/strong><\/span><\/a><\/li>\n<\/ul>\n<p class=\"MsoNormal\" style=\"margin-left: 35.4pt;\"><span style=\"font-size: small;\"><span style=\"font-family: 'Verdana','sans-serif';\">Freies Sehen \u00fcber den ganzen Tag<\/span><\/span><\/p>\n<ul style=\"margin-top: 0cm;\" type=\"disc\">\n<li class=\"MsoNormal\"><span style=\"font-size: small;\"><strong><span style=\"font-family: 'Verdana','sans-serif';\">hauseigene Meisterwerkstatt<\/span><\/strong><\/span><\/li>\n<\/ul>\n<p align=\"center\">&nbsp;<\/p>\n<p class=\"MsoNormal\"><strong><span style=\"font-family: 'Verdana','sans-serif';\"><span style=\"font-size: small;\">Wir nehmen uns gerne Zeit f\u00fcr Sie!<\/span><\/span><\/strong><\/p>\n<p align=\"center\">&nbsp;<\/p>\n<p align=\"center\">&nbsp;<\/p>\n<p class=\"MsoNormal\" style=\"text-align: center;\"><img loading=\"lazy\" decoding=\"async\" class=\"aligncenter\" title=\"linsen\" src=\"\/wp-content\/uploads\/bilder\/Leistungen\/raum.jpg\" alt=\"\" width=\"435\" height=\"290\" \/><\/p>\n","protected":false},"excerpt":{"rendered":"<p>&nbsp; Unsere Leistungen Kostenloser Schnelltest Professionelle Beratung rund um das Thema Brille und Kontaktlinse Pr\u00e4zise Vermessung Ihrer Augen nur durch autorisierte Fachkr\u00e4fte Amtlich anerkannte F\u00fchrerscheinsehtest- Stelle Brillen-Club Keine Angst mehr vor Kratzern und alten Werten! Leasen Sie sich Ihre Gl\u00e4ser schon ab 8,50 \u20ac pro Monat inkl. Versicherung Kontaklinsen- Komfort- System Immer frische Linsen und [&hellip;]<\/p>\n","protected":false},"author":1,"featured_media":0,"parent":0,"menu_order":3,"comment_status":"closed","ping_status":"closed","template":"","meta":{"footnotes":""},"class_list":["post-4","page","type-page","status-publish","hentry"],"_links":{"self":[{"href":"http:\/\/www.silberblick-dreieich.de\/index.php?rest_route=\/wp\/v2\/pages\/4","targetHints":{"allow":["GET"]}}],"collection":[{"href":"http:\/\/www.silberblick-dreieich.de\/index.php?rest_route=\/wp\/v2\/pages"}],"about":[{"href":"http:\/\/www.silberblick-dreieich.de\/index.php?rest_route=\/wp\/v2\/types\/page"}],"author":[{"embeddable":true,"href":"http:\/\/www.silberblick-dreieich.de\/index.php?rest_route=\/wp\/v2\/users\/1"}],"replies":[{"embeddable":true,"href":"http:\/\/www.silberblick-dreieich.de\/index.php?rest_route=%2Fwp%2Fv2%2Fcomments&post=4"}],"version-history":[{"count":65,"href":"http:\/\/www.silberblick-dreieich.de\/index.php?rest_route=\/wp\/v2\/pages\/4\/revisions"}],"predecessor-version":[{"id":819,"href":"http:\/\/www.silberblick-dreieich.de\/index.php?rest_route=\/wp\/v2\/pages\/4\/revisions\/819"}],"wp:attachment":[{"href":"http:\/\/www.silberblick-dreieich.de\/index.php?rest_route=%2Fwp%2Fv2%2Fmedia&parent=4"}],"curies":[{"name":"wp","href":"https:\/\/api.w.org\/{rel}","templated":true}]}}